{"id":246,"date":"2016-09-12T14:30:47","date_gmt":"2016-09-12T14:30:47","guid":{"rendered":"http:\/\/wwww.trigon-projekt.cz\/?page_id=246"},"modified":"2016-09-14T12:58:28","modified_gmt":"2016-09-14T12:58:28","slug":"prumyslove-stavby","status":"publish","type":"page","link":"https:\/\/web.trigon-projekt.cz\/?page_id=246","title":{"rendered":"Pr\u016fmyslov\u00e9 stavby"},"content":{"rendered":"<h2>Pr\u016fmyslov\u00e9 stavby<\/h2>\n<div id='gallery-1' class='gallery galleryid-246 gallery-columns-4 gallery-size-medium'><figure class='gallery-item'>\n\t\t\t<div class='gallery-icon landscape'>\n\t\t\t\t<a href='https:\/\/web.trigon-projekt.cz\/wp-content\/uploads\/2016\/09\/20160817_135208.jpg'><img width=\"300\" height=\"169\" src=\"https:\/\/web.trigon-projekt.cz\/wp-content\/uploads\/2016\/09\/20160817_135208-300x169.jpg\" class=\"attachment-medium size-medium colorbox-246 \" alt=\"\" loading=\"lazy\" srcset=\"https:\/\/web.trigon-projekt.cz\/wp-content\/uploads\/2016\/09\/20160817_135208-300x169.jpg 300w, https:\/\/web.trigon-projekt.cz\/wp-content\/uploads\/2016\/09\/20160817_135208-768x432.jpg 768w, https:\/\/web.trigon-projekt.cz\/wp-content\/uploads\/2016\/09\/20160817_135208-1024x576.jpg 1024w, https:\/\/web.trigon-projekt.cz\/wp-content\/uploads\/2016\/09\/20160817_135208-650x366.jpg 650w\" sizes=\"(max-width: 300px) 100vw, 300px\" \/><\/a>\n\t\t\t<\/div><\/figure><figure class='gallery-item'>\n\t\t\t<div class='gallery-icon landscape'>\n\t\t\t\t<a href='https:\/\/web.trigon-projekt.cz\/wp-content\/uploads\/2016\/09\/20160817_135207.jpg'><img width=\"300\" height=\"169\" src=\"https:\/\/web.trigon-projekt.cz\/wp-content\/uploads\/2016\/09\/20160817_135207-300x169.jpg\" class=\"attachment-medium size-medium colorbox-246 \" alt=\"\" loading=\"lazy\" srcset=\"https:\/\/web.trigon-projekt.cz\/wp-content\/uploads\/2016\/09\/20160817_135207-300x169.jpg 300w, https:\/\/web.trigon-projekt.cz\/wp-content\/uploads\/2016\/09\/20160817_135207-768x432.jpg 768w, https:\/\/web.trigon-projekt.cz\/wp-content\/uploads\/2016\/09\/20160817_135207-1024x576.jpg 1024w, https:\/\/web.trigon-projekt.cz\/wp-content\/uploads\/2016\/09\/20160817_135207-650x366.jpg 650w\" sizes=\"(max-width: 300px) 100vw, 300px\" \/><\/a>\n\t\t\t<\/div><\/figure><figure class='gallery-item'>\n\t\t\t<div class='gallery-icon landscape'>\n\t\t\t\t<a href='https:\/\/web.trigon-projekt.cz\/wp-content\/uploads\/2016\/09\/20160817_135156.jpg'><img width=\"300\" height=\"169\" src=\"https:\/\/web.trigon-projekt.cz\/wp-content\/uploads\/2016\/09\/20160817_135156-300x169.jpg\" class=\"attachment-medium size-medium colorbox-246 \" alt=\"\" loading=\"lazy\" srcset=\"https:\/\/web.trigon-projekt.cz\/wp-content\/uploads\/2016\/09\/20160817_135156-300x169.jpg 300w, https:\/\/web.trigon-projekt.cz\/wp-content\/uploads\/2016\/09\/20160817_135156-768x432.jpg 768w, https:\/\/web.trigon-projekt.cz\/wp-content\/uploads\/2016\/09\/20160817_135156-1024x576.jpg 1024w, https:\/\/web.trigon-projekt.cz\/wp-content\/uploads\/2016\/09\/20160817_135156-650x366.jpg 650w\" sizes=\"(max-width: 300px) 100vw, 300px\" \/><\/a>\n\t\t\t<\/div><\/figure><figure class='gallery-item'>\n\t\t\t<div class='gallery-icon landscape'>\n\t\t\t\t<a href='https:\/\/web.trigon-projekt.cz\/wp-content\/uploads\/2016\/09\/20160817_135154.jpg'><img width=\"300\" height=\"169\" src=\"https:\/\/web.trigon-projekt.cz\/wp-content\/uploads\/2016\/09\/20160817_135154-300x169.jpg\" class=\"attachment-medium size-medium colorbox-246 \" alt=\"\" loading=\"lazy\" srcset=\"https:\/\/web.trigon-projekt.cz\/wp-content\/uploads\/2016\/09\/20160817_135154-300x169.jpg 300w, https:\/\/web.trigon-projekt.cz\/wp-content\/uploads\/2016\/09\/20160817_135154-768x432.jpg 768w, https:\/\/web.trigon-projekt.cz\/wp-content\/uploads\/2016\/09\/20160817_135154-1024x576.jpg 1024w, https:\/\/web.trigon-projekt.cz\/wp-content\/uploads\/2016\/09\/20160817_135154-650x366.jpg 650w\" sizes=\"(max-width: 300px) 100vw, 300px\" \/><\/a>\n\t\t\t<\/div><\/figure><figure class='gallery-item'>\n\t\t\t<div class='gallery-icon landscape'>\n\t\t\t\t<a href='https:\/\/web.trigon-projekt.cz\/wp-content\/uploads\/2016\/09\/20160817_135148.jpg'><img width=\"300\" height=\"169\" src=\"https:\/\/web.trigon-projekt.cz\/wp-content\/uploads\/2016\/09\/20160817_135148-300x169.jpg\" class=\"attachment-medium size-medium colorbox-246 \" alt=\"\" loading=\"lazy\" srcset=\"https:\/\/web.trigon-projekt.cz\/wp-content\/uploads\/2016\/09\/20160817_135148-300x169.jpg 300w, https:\/\/web.trigon-projekt.cz\/wp-content\/uploads\/2016\/09\/20160817_135148-768x432.jpg 768w, https:\/\/web.trigon-projekt.cz\/wp-content\/uploads\/2016\/09\/20160817_135148-1024x576.jpg 1024w, https:\/\/web.trigon-projekt.cz\/wp-content\/uploads\/2016\/09\/20160817_135148-650x366.jpg 650w\" sizes=\"(max-width: 300px) 100vw, 300px\" \/><\/a>\n\t\t\t<\/div><\/figure><figure class='gallery-item'>\n\t\t\t<div class='gallery-icon landscape'>\n\t\t\t\t<a href='https:\/\/web.trigon-projekt.cz\/wp-content\/uploads\/2016\/09\/20160817_134525.jpg'><img width=\"300\" height=\"169\" src=\"https:\/\/web.trigon-projekt.cz\/wp-content\/uploads\/2016\/09\/20160817_134525-300x169.jpg\" class=\"attachment-medium size-medium colorbox-246 \" alt=\"\" loading=\"lazy\" srcset=\"https:\/\/web.trigon-projekt.cz\/wp-content\/uploads\/2016\/09\/20160817_134525-300x169.jpg 300w, https:\/\/web.trigon-projekt.cz\/wp-content\/uploads\/2016\/09\/20160817_134525-768x432.jpg 768w, https:\/\/web.trigon-projekt.cz\/wp-content\/uploads\/2016\/09\/20160817_134525-1024x576.jpg 1024w, https:\/\/web.trigon-projekt.cz\/wp-content\/uploads\/2016\/09\/20160817_134525-650x366.jpg 650w\" sizes=\"(max-width: 300px) 100vw, 300px\" \/><\/a>\n\t\t\t<\/div><\/figure><figure class='gallery-item'>\n\t\t\t<div class='gallery-icon landscape'>\n\t\t\t\t<a href='https:\/\/web.trigon-projekt.cz\/wp-content\/uploads\/2016\/09\/20160817_134528.jpg'><img width=\"300\" height=\"169\" src=\"https:\/\/web.trigon-projekt.cz\/wp-content\/uploads\/2016\/09\/20160817_134528-300x169.jpg\" class=\"attachment-medium size-medium colorbox-246 \" alt=\"\" loading=\"lazy\" srcset=\"https:\/\/web.trigon-projekt.cz\/wp-content\/uploads\/2016\/09\/20160817_134528-300x169.jpg 300w, https:\/\/web.trigon-projekt.cz\/wp-content\/uploads\/2016\/09\/20160817_134528-768x432.jpg 768w, https:\/\/web.trigon-projekt.cz\/wp-content\/uploads\/2016\/09\/20160817_134528-1024x576.jpg 1024w, https:\/\/web.trigon-projekt.cz\/wp-content\/uploads\/2016\/09\/20160817_134528-650x366.jpg 650w\" sizes=\"(max-width: 300px) 100vw, 300px\" \/><\/a>\n\t\t\t<\/div><\/figure><figure class='gallery-item'>\n\t\t\t<div class='gallery-icon landscape'>\n\t\t\t\t<a href='https:\/\/web.trigon-projekt.cz\/wp-content\/uploads\/2016\/09\/20160817_134634.jpg'><img width=\"300\" height=\"169\" src=\"https:\/\/web.trigon-projekt.cz\/wp-content\/uploads\/2016\/09\/20160817_134634-300x169.jpg\" class=\"attachment-medium size-medium colorbox-246 \" alt=\"\" loading=\"lazy\" srcset=\"https:\/\/web.trigon-projekt.cz\/wp-content\/uploads\/2016\/09\/20160817_134634-300x169.jpg 300w, https:\/\/web.trigon-projekt.cz\/wp-content\/uploads\/2016\/09\/20160817_134634-768x432.jpg 768w, https:\/\/web.trigon-projekt.cz\/wp-content\/uploads\/2016\/09\/20160817_134634-1024x576.jpg 1024w, https:\/\/web.trigon-projekt.cz\/wp-content\/uploads\/2016\/09\/20160817_134634-650x366.jpg 650w\" sizes=\"(max-width: 300px) 100vw, 300px\" \/><\/a>\n\t\t\t<\/div><\/figure>\n\t\t<\/div>\n\n","protected":false},"excerpt":{"rendered":"<p>Pr\u016fmyslov\u00e9 stavby<\/p>\n","protected":false},"author":1,"featured_media":0,"parent":0,"menu_order":0,"comment_status":"closed","ping_status":"closed","template":"","meta":[],"_links":{"self":[{"href":"https:\/\/web.trigon-projekt.cz\/index.php?rest_route=\/wp\/v2\/pages\/246"}],"collection":[{"href":"https:\/\/web.trigon-projekt.cz\/index.php?rest_route=\/wp\/v2\/pages"}],"about":[{"href":"https:\/\/web.trigon-projekt.cz\/index.php?rest_route=\/wp\/v2\/types\/page"}],"author":[{"embeddable":true,"href":"https:\/\/web.trigon-projekt.cz\/index.php?rest_route=\/wp\/v2\/users\/1"}],"replies":[{"embeddable":true,"href":"https:\/\/web.trigon-projekt.cz\/index.php?rest_route=%2Fwp%2Fv2%2Fcomments&post=246"}],"version-history":[{"count":2,"href":"https:\/\/web.trigon-projekt.cz\/index.php?rest_route=\/wp\/v2\/pages\/246\/revisions"}],"predecessor-version":[{"id":267,"href":"https:\/\/web.trigon-projekt.cz\/index.php?rest_route=\/wp\/v2\/pages\/246\/revisions\/267"}],"wp:attachment":[{"href":"https:\/\/web.trigon-projekt.cz\/index.php?rest_route=%2Fwp%2Fv2%2Fmedia&parent=246"}],"curies":[{"name":"wp","href":"https:\/\/api.w.org\/{rel}","templated":true}]}}