{"id":240,"date":"2016-09-12T14:26:39","date_gmt":"2016-09-12T14:26:39","guid":{"rendered":"http:\/\/wwww.trigon-projekt.cz\/?page_id=240"},"modified":"2016-09-12T14:26:39","modified_gmt":"2016-09-12T14:26:39","slug":"obcanska-vybavenost","status":"publish","type":"page","link":"https:\/\/web.trigon-projekt.cz\/?page_id=240","title":{"rendered":"Ob\u010dansk\u00e1 vybavenost"},"content":{"rendered":"<h2>Ob\u010dansk\u00e1 vybavenost<\/h2>\n<p><a href=\"http:\/\/www.trigon-projekt.cz\/wp-content\/uploads\/2016\/09\/Hasi\u010dsk\u00e1-zbrojnice-Karlova-stud\u00e1nka.jpg\"><img loading=\"lazy\" class=\"alignnone size-medium wp-image-179 colorbox-240\" src=\"http:\/\/www.trigon-projekt.cz\/wp-content\/uploads\/2016\/09\/Hasi\u010dsk\u00e1-zbrojnice-Karlova-stud\u00e1nka-300x200.jpg\" alt=\"Hasi\u010dsk\u00e1 zbrojnice Karlova stud\u00e1nka\" width=\"300\" height=\"200\" srcset=\"https:\/\/web.trigon-projekt.cz\/wp-content\/uploads\/2016\/09\/Hasi\u010dsk\u00e1-zbrojnice-Karlova-stud\u00e1nka-300x200.jpg 300w, https:\/\/web.trigon-projekt.cz\/wp-content\/uploads\/2016\/09\/Hasi\u010dsk\u00e1-zbrojnice-Karlova-stud\u00e1nka-768x512.jpg 768w, https:\/\/web.trigon-projekt.cz\/wp-content\/uploads\/2016\/09\/Hasi\u010dsk\u00e1-zbrojnice-Karlova-stud\u00e1nka-1024x683.jpg 1024w, https:\/\/web.trigon-projekt.cz\/wp-content\/uploads\/2016\/09\/Hasi\u010dsk\u00e1-zbrojnice-Karlova-stud\u00e1nka-650x433.jpg 650w, https:\/\/web.trigon-projekt.cz\/wp-content\/uploads\/2016\/09\/Hasi\u010dsk\u00e1-zbrojnice-Karlova-stud\u00e1nka-272x182.jpg 272w, https:\/\/web.trigon-projekt.cz\/wp-content\/uploads\/2016\/09\/Hasi\u010dsk\u00e1-zbrojnice-Karlova-stud\u00e1nka.jpg 1944w\" sizes=\"(max-width: 300px) 100vw, 300px\" \/><\/a><\/p>\n","protected":false},"excerpt":{"rendered":"<p>Ob\u010dansk\u00e1 vybavenost<\/p>\n","protected":false},"author":1,"featured_media":0,"parent":0,"menu_order":0,"comment_status":"closed","ping_status":"closed","template":"","meta":[],"_links":{"self":[{"href":"https:\/\/web.trigon-projekt.cz\/index.php?rest_route=\/wp\/v2\/pages\/240"}],"collection":[{"href":"https:\/\/web.trigon-projekt.cz\/index.php?rest_route=\/wp\/v2\/pages"}],"about":[{"href":"https:\/\/web.trigon-projekt.cz\/index.php?rest_route=\/wp\/v2\/types\/page"}],"author":[{"embeddable":true,"href":"https:\/\/web.trigon-projekt.cz\/index.php?rest_route=\/wp\/v2\/users\/1"}],"replies":[{"embeddable":true,"href":"https:\/\/web.trigon-projekt.cz\/index.php?rest_route=%2Fwp%2Fv2%2Fcomments&post=240"}],"version-history":[{"count":1,"href":"https:\/\/web.trigon-projekt.cz\/index.php?rest_route=\/wp\/v2\/pages\/240\/revisions"}],"predecessor-version":[{"id":241,"href":"https:\/\/web.trigon-projekt.cz\/index.php?rest_route=\/wp\/v2\/pages\/240\/revisions\/241"}],"wp:attachment":[{"href":"https:\/\/web.trigon-projekt.cz\/index.php?rest_route=%2Fwp%2Fv2%2Fmedia&parent=240"}],"curies":[{"name":"wp","href":"https:\/\/api.w.org\/{rel}","templated":true}]}}