{"id":24,"date":"2016-08-10T12:02:14","date_gmt":"2016-08-10T12:02:14","guid":{"rendered":"http:\/\/web.trigon-projekt.cz\/?page_id=24"},"modified":"2016-09-14T13:00:57","modified_gmt":"2016-09-14T13:00:57","slug":"rodinne-domy","status":"publish","type":"page","link":"https:\/\/web.trigon-projekt.cz\/?page_id=24","title":{"rendered":"Rodinn\u00e9 domy"},"content":{"rendered":"<h2>Rodinn\u00e9 domy<\/h2>\n<h3>Trojdomek<\/h3>\n<div id='gallery-1' class='gallery galleryid-24 gallery-columns-2 gallery-size-medium'><figure class='gallery-item'>\n\t\t\t<div class='gallery-icon landscape'>\n\t\t\t\t<a href='https:\/\/web.trigon-projekt.cz\/wp-content\/uploads\/2016\/09\/20160815_125425.jpg'><img width=\"300\" height=\"169\" src=\"https:\/\/web.trigon-projekt.cz\/wp-content\/uploads\/2016\/09\/20160815_125425-300x169.jpg\" class=\"attachment-medium size-medium colorbox-24 \" alt=\"\" loading=\"lazy\" srcset=\"https:\/\/web.trigon-projekt.cz\/wp-content\/uploads\/2016\/09\/20160815_125425-300x169.jpg 300w, https:\/\/web.trigon-projekt.cz\/wp-content\/uploads\/2016\/09\/20160815_125425-768x432.jpg 768w, https:\/\/web.trigon-projekt.cz\/wp-content\/uploads\/2016\/09\/20160815_125425-1024x576.jpg 1024w, https:\/\/web.trigon-projekt.cz\/wp-content\/uploads\/2016\/09\/20160815_125425-650x366.jpg 650w\" sizes=\"(max-width: 300px) 100vw, 300px\" \/><\/a>\n\t\t\t<\/div><\/figure><figure class='gallery-item'>\n\t\t\t<div class='gallery-icon landscape'>\n\t\t\t\t<a href='https:\/\/web.trigon-projekt.cz\/wp-content\/uploads\/2016\/09\/20160815_125447.jpg'><img width=\"300\" height=\"169\" src=\"https:\/\/web.trigon-projekt.cz\/wp-content\/uploads\/2016\/09\/20160815_125447-300x169.jpg\" class=\"attachment-medium size-medium colorbox-24 \" alt=\"\" loading=\"lazy\" srcset=\"https:\/\/web.trigon-projekt.cz\/wp-content\/uploads\/2016\/09\/20160815_125447-300x169.jpg 300w, https:\/\/web.trigon-projekt.cz\/wp-content\/uploads\/2016\/09\/20160815_125447-768x432.jpg 768w, https:\/\/web.trigon-projekt.cz\/wp-content\/uploads\/2016\/09\/20160815_125447-1024x576.jpg 1024w, https:\/\/web.trigon-projekt.cz\/wp-content\/uploads\/2016\/09\/20160815_125447-650x366.jpg 650w\" sizes=\"(max-width: 300px) 100vw, 300px\" \/><\/a>\n\t\t\t<\/div><\/figure>\n\t\t<\/div>\n\n<h3>Rodinn\u00fd d\u016fm DZ<\/h3>\n<div id='gallery-2' class='gallery galleryid-24 gallery-columns-2 gallery-size-medium'><figure class='gallery-item'>\n\t\t\t<div class='gallery-icon landscape'>\n\t\t\t\t<a href='https:\/\/web.trigon-projekt.cz\/wp-content\/uploads\/2016\/09\/IMG_5469.jpg'><img width=\"300\" height=\"225\" src=\"https:\/\/web.trigon-projekt.cz\/wp-content\/uploads\/2016\/09\/IMG_5469-300x225.jpg\" class=\"attachment-medium size-medium colorbox-24 \" alt=\"\" loading=\"lazy\" srcset=\"https:\/\/web.trigon-projekt.cz\/wp-content\/uploads\/2016\/09\/IMG_5469-300x225.jpg 300w, https:\/\/web.trigon-projekt.cz\/wp-content\/uploads\/2016\/09\/IMG_5469-768x576.jpg 768w, https:\/\/web.trigon-projekt.cz\/wp-content\/uploads\/2016\/09\/IMG_5469-1024x768.jpg 1024w, https:\/\/web.trigon-projekt.cz\/wp-content\/uploads\/2016\/09\/IMG_5469-650x488.jpg 650w, https:\/\/web.trigon-projekt.cz\/wp-content\/uploads\/2016\/09\/IMG_5469.jpg 1600w\" sizes=\"(max-width: 300px) 100vw, 300px\" \/><\/a>\n\t\t\t<\/div><\/figure><figure class='gallery-item'>\n\t\t\t<div class='gallery-icon landscape'>\n\t\t\t\t<a href='https:\/\/web.trigon-projekt.cz\/wp-content\/uploads\/2016\/09\/IMG_5468.jpg'><img width=\"300\" height=\"225\" src=\"https:\/\/web.trigon-projekt.cz\/wp-content\/uploads\/2016\/09\/IMG_5468-300x225.jpg\" class=\"attachment-medium size-medium colorbox-24 \" alt=\"\" loading=\"lazy\" srcset=\"https:\/\/web.trigon-projekt.cz\/wp-content\/uploads\/2016\/09\/IMG_5468-300x225.jpg 300w, https:\/\/web.trigon-projekt.cz\/wp-content\/uploads\/2016\/09\/IMG_5468-768x576.jpg 768w, https:\/\/web.trigon-projekt.cz\/wp-content\/uploads\/2016\/09\/IMG_5468-1024x768.jpg 1024w, https:\/\/web.trigon-projekt.cz\/wp-content\/uploads\/2016\/09\/IMG_5468-650x488.jpg 650w, https:\/\/web.trigon-projekt.cz\/wp-content\/uploads\/2016\/09\/IMG_5468.jpg 1600w\" sizes=\"(max-width: 300px) 100vw, 300px\" \/><\/a>\n\t\t\t<\/div><\/figure>\n\t\t<\/div>\n\n","protected":false},"excerpt":{"rendered":"<p>Rodinn\u00e9 domy Trojdomek Rodinn\u00fd d\u016fm DZ<\/p>\n","protected":false},"author":1,"featured_media":0,"parent":0,"menu_order":0,"comment_status":"closed","ping_status":"closed","template":"","meta":[],"_links":{"self":[{"href":"https:\/\/web.trigon-projekt.cz\/index.php?rest_route=\/wp\/v2\/pages\/24"}],"collection":[{"href":"https:\/\/web.trigon-projekt.cz\/index.php?rest_route=\/wp\/v2\/pages"}],"about":[{"href":"https:\/\/web.trigon-projekt.cz\/index.php?rest_route=\/wp\/v2\/types\/page"}],"author":[{"embeddable":true,"href":"https:\/\/web.trigon-projekt.cz\/index.php?rest_route=\/wp\/v2\/users\/1"}],"replies":[{"embeddable":true,"href":"https:\/\/web.trigon-projekt.cz\/index.php?rest_route=%2Fwp%2Fv2%2Fcomments&post=24"}],"version-history":[{"count":8,"href":"https:\/\/web.trigon-projekt.cz\/index.php?rest_route=\/wp\/v2\/pages\/24\/revisions"}],"predecessor-version":[{"id":268,"href":"https:\/\/web.trigon-projekt.cz\/index.php?rest_route=\/wp\/v2\/pages\/24\/revisions\/268"}],"wp:attachment":[{"href":"https:\/\/web.trigon-projekt.cz\/index.php?rest_route=%2Fwp%2Fv2%2Fmedia&parent=24"}],"curies":[{"name":"wp","href":"https:\/\/api.w.org\/{rel}","templated":true}]}}