{"id":238,"date":"2016-09-12T14:24:49","date_gmt":"2016-09-12T14:24:49","guid":{"rendered":"http:\/\/wwww.trigon-projekt.cz\/?page_id=238"},"modified":"2016-09-14T13:02:57","modified_gmt":"2016-09-14T13:02:57","slug":"venkovni-upravy","status":"publish","type":"page","link":"https:\/\/web.trigon-projekt.cz\/?page_id=238","title":{"rendered":"Venkovn\u00ed \u00fapravy"},"content":{"rendered":"<h2>Venkovn\u00ed \u00fapravy<\/h2>\n<h3>Schodi\u0161t\u011b<\/h3>\n<div id='gallery-1' class='gallery galleryid-238 gallery-columns-3 gallery-size-medium'><figure class='gallery-item'>\n\t\t\t<div class='gallery-icon landscape'>\n\t\t\t\t<a href='https:\/\/web.trigon-projekt.cz\/wp-content\/uploads\/2016\/09\/20160816_093750-1.jpg'><img width=\"300\" height=\"169\" src=\"https:\/\/web.trigon-projekt.cz\/wp-content\/uploads\/2016\/09\/20160816_093750-1-300x169.jpg\" class=\"attachment-medium size-medium colorbox-238 \" alt=\"\" loading=\"lazy\" srcset=\"https:\/\/web.trigon-projekt.cz\/wp-content\/uploads\/2016\/09\/20160816_093750-1-300x169.jpg 300w, https:\/\/web.trigon-projekt.cz\/wp-content\/uploads\/2016\/09\/20160816_093750-1-768x432.jpg 768w, https:\/\/web.trigon-projekt.cz\/wp-content\/uploads\/2016\/09\/20160816_093750-1-1024x576.jpg 1024w, https:\/\/web.trigon-projekt.cz\/wp-content\/uploads\/2016\/09\/20160816_093750-1-650x366.jpg 650w\" sizes=\"(max-width: 300px) 100vw, 300px\" \/><\/a>\n\t\t\t<\/div><\/figure><figure class='gallery-item'>\n\t\t\t<div class='gallery-icon landscape'>\n\t\t\t\t<a href='https:\/\/web.trigon-projekt.cz\/wp-content\/uploads\/2016\/09\/20160816_093747-1.jpg'><img width=\"300\" height=\"169\" src=\"https:\/\/web.trigon-projekt.cz\/wp-content\/uploads\/2016\/09\/20160816_093747-1-300x169.jpg\" class=\"attachment-medium size-medium colorbox-238 \" alt=\"\" loading=\"lazy\" srcset=\"https:\/\/web.trigon-projekt.cz\/wp-content\/uploads\/2016\/09\/20160816_093747-1-300x169.jpg 300w, https:\/\/web.trigon-projekt.cz\/wp-content\/uploads\/2016\/09\/20160816_093747-1-768x432.jpg 768w, https:\/\/web.trigon-projekt.cz\/wp-content\/uploads\/2016\/09\/20160816_093747-1-1024x576.jpg 1024w, https:\/\/web.trigon-projekt.cz\/wp-content\/uploads\/2016\/09\/20160816_093747-1-650x366.jpg 650w\" sizes=\"(max-width: 300px) 100vw, 300px\" \/><\/a>\n\t\t\t<\/div><\/figure><figure class='gallery-item'>\n\t\t\t<div class='gallery-icon landscape'>\n\t\t\t\t<a href='https:\/\/web.trigon-projekt.cz\/wp-content\/uploads\/2016\/09\/20160816_093919-1.jpg'><img width=\"300\" height=\"169\" src=\"https:\/\/web.trigon-projekt.cz\/wp-content\/uploads\/2016\/09\/20160816_093919-1-300x169.jpg\" class=\"attachment-medium size-medium colorbox-238 \" alt=\"\" loading=\"lazy\" srcset=\"https:\/\/web.trigon-projekt.cz\/wp-content\/uploads\/2016\/09\/20160816_093919-1-300x169.jpg 300w, https:\/\/web.trigon-projekt.cz\/wp-content\/uploads\/2016\/09\/20160816_093919-1-768x432.jpg 768w, https:\/\/web.trigon-projekt.cz\/wp-content\/uploads\/2016\/09\/20160816_093919-1-1024x576.jpg 1024w, https:\/\/web.trigon-projekt.cz\/wp-content\/uploads\/2016\/09\/20160816_093919-1-650x366.jpg 650w\" sizes=\"(max-width: 300px) 100vw, 300px\" \/><\/a>\n\t\t\t<\/div><\/figure><figure class='gallery-item'>\n\t\t\t<div class='gallery-icon landscape'>\n\t\t\t\t<a href='https:\/\/web.trigon-projekt.cz\/wp-content\/uploads\/2016\/09\/20160816_093750.jpg'><img width=\"300\" height=\"169\" src=\"https:\/\/web.trigon-projekt.cz\/wp-content\/uploads\/2016\/09\/20160816_093750-300x169.jpg\" class=\"attachment-medium size-medium colorbox-238 \" alt=\"\" loading=\"lazy\" srcset=\"https:\/\/web.trigon-projekt.cz\/wp-content\/uploads\/2016\/09\/20160816_093750-300x169.jpg 300w, https:\/\/web.trigon-projekt.cz\/wp-content\/uploads\/2016\/09\/20160816_093750-768x432.jpg 768w, https:\/\/web.trigon-projekt.cz\/wp-content\/uploads\/2016\/09\/20160816_093750-1024x576.jpg 1024w, https:\/\/web.trigon-projekt.cz\/wp-content\/uploads\/2016\/09\/20160816_093750-650x366.jpg 650w\" sizes=\"(max-width: 300px) 100vw, 300px\" \/><\/a>\n\t\t\t<\/div><\/figure><figure class='gallery-item'>\n\t\t\t<div class='gallery-icon landscape'>\n\t\t\t\t<a href='https:\/\/web.trigon-projekt.cz\/wp-content\/uploads\/2016\/09\/20160816_093747.jpg'><img width=\"300\" height=\"169\" src=\"https:\/\/web.trigon-projekt.cz\/wp-content\/uploads\/2016\/09\/20160816_093747-300x169.jpg\" class=\"attachment-medium size-medium colorbox-238 \" alt=\"\" loading=\"lazy\" srcset=\"https:\/\/web.trigon-projekt.cz\/wp-content\/uploads\/2016\/09\/20160816_093747-300x169.jpg 300w, https:\/\/web.trigon-projekt.cz\/wp-content\/uploads\/2016\/09\/20160816_093747-768x432.jpg 768w, https:\/\/web.trigon-projekt.cz\/wp-content\/uploads\/2016\/09\/20160816_093747-1024x576.jpg 1024w, https:\/\/web.trigon-projekt.cz\/wp-content\/uploads\/2016\/09\/20160816_093747-650x366.jpg 650w\" sizes=\"(max-width: 300px) 100vw, 300px\" \/><\/a>\n\t\t\t<\/div><\/figure><figure class='gallery-item'>\n\t\t\t<div class='gallery-icon landscape'>\n\t\t\t\t<a href='https:\/\/web.trigon-projekt.cz\/wp-content\/uploads\/2016\/09\/20160816_093919.jpg'><img width=\"300\" height=\"169\" src=\"https:\/\/web.trigon-projekt.cz\/wp-content\/uploads\/2016\/09\/20160816_093919-300x169.jpg\" class=\"attachment-medium size-medium colorbox-238 \" alt=\"\" loading=\"lazy\" srcset=\"https:\/\/web.trigon-projekt.cz\/wp-content\/uploads\/2016\/09\/20160816_093919-300x169.jpg 300w, https:\/\/web.trigon-projekt.cz\/wp-content\/uploads\/2016\/09\/20160816_093919-768x432.jpg 768w, https:\/\/web.trigon-projekt.cz\/wp-content\/uploads\/2016\/09\/20160816_093919-1024x576.jpg 1024w, https:\/\/web.trigon-projekt.cz\/wp-content\/uploads\/2016\/09\/20160816_093919-650x366.jpg 650w\" sizes=\"(max-width: 300px) 100vw, 300px\" \/><\/a>\n\t\t\t<\/div><\/figure>\n\t\t<\/div>\n\n<h3>Z\u00eddky<\/h3>\n<div id='gallery-2' class='gallery galleryid-238 gallery-columns-4 gallery-size-medium'><figure class='gallery-item'>\n\t\t\t<div class='gallery-icon landscape'>\n\t\t\t\t<a href='https:\/\/web.trigon-projekt.cz\/wp-content\/uploads\/2016\/09\/20160816_093256.jpg'><img width=\"300\" height=\"169\" src=\"https:\/\/web.trigon-projekt.cz\/wp-content\/uploads\/2016\/09\/20160816_093256-300x169.jpg\" class=\"attachment-medium size-medium colorbox-238 \" alt=\"\" loading=\"lazy\" srcset=\"https:\/\/web.trigon-projekt.cz\/wp-content\/uploads\/2016\/09\/20160816_093256-300x169.jpg 300w, https:\/\/web.trigon-projekt.cz\/wp-content\/uploads\/2016\/09\/20160816_093256-768x432.jpg 768w, https:\/\/web.trigon-projekt.cz\/wp-content\/uploads\/2016\/09\/20160816_093256-1024x576.jpg 1024w, https:\/\/web.trigon-projekt.cz\/wp-content\/uploads\/2016\/09\/20160816_093256-650x366.jpg 650w\" sizes=\"(max-width: 300px) 100vw, 300px\" \/><\/a>\n\t\t\t<\/div><\/figure><figure class='gallery-item'>\n\t\t\t<div class='gallery-icon landscape'>\n\t\t\t\t<a href='https:\/\/web.trigon-projekt.cz\/wp-content\/uploads\/2016\/09\/20160816_093228-1.jpg'><img width=\"300\" height=\"169\" src=\"https:\/\/web.trigon-projekt.cz\/wp-content\/uploads\/2016\/09\/20160816_093228-1-300x169.jpg\" class=\"attachment-medium size-medium colorbox-238 \" alt=\"\" loading=\"lazy\" srcset=\"https:\/\/web.trigon-projekt.cz\/wp-content\/uploads\/2016\/09\/20160816_093228-1-300x169.jpg 300w, https:\/\/web.trigon-projekt.cz\/wp-content\/uploads\/2016\/09\/20160816_093228-1-768x432.jpg 768w, https:\/\/web.trigon-projekt.cz\/wp-content\/uploads\/2016\/09\/20160816_093228-1-1024x576.jpg 1024w, https:\/\/web.trigon-projekt.cz\/wp-content\/uploads\/2016\/09\/20160816_093228-1-650x366.jpg 650w\" sizes=\"(max-width: 300px) 100vw, 300px\" \/><\/a>\n\t\t\t<\/div><\/figure><figure class='gallery-item'>\n\t\t\t<div class='gallery-icon landscape'>\n\t\t\t\t<a href='https:\/\/web.trigon-projekt.cz\/wp-content\/uploads\/2016\/09\/20160816_093219.jpg'><img width=\"300\" height=\"169\" src=\"https:\/\/web.trigon-projekt.cz\/wp-content\/uploads\/2016\/09\/20160816_093219-300x169.jpg\" class=\"attachment-medium size-medium colorbox-238 \" alt=\"\" loading=\"lazy\" srcset=\"https:\/\/web.trigon-projekt.cz\/wp-content\/uploads\/2016\/09\/20160816_093219-300x169.jpg 300w, https:\/\/web.trigon-projekt.cz\/wp-content\/uploads\/2016\/09\/20160816_093219-768x432.jpg 768w, https:\/\/web.trigon-projekt.cz\/wp-content\/uploads\/2016\/09\/20160816_093219-1024x576.jpg 1024w, https:\/\/web.trigon-projekt.cz\/wp-content\/uploads\/2016\/09\/20160816_093219-650x366.jpg 650w\" sizes=\"(max-width: 300px) 100vw, 300px\" \/><\/a>\n\t\t\t<\/div><\/figure><figure class='gallery-item'>\n\t\t\t<div class='gallery-icon landscape'>\n\t\t\t\t<a href='https:\/\/web.trigon-projekt.cz\/wp-content\/uploads\/2016\/09\/20160816_093306.jpg'><img width=\"300\" height=\"169\" src=\"https:\/\/web.trigon-projekt.cz\/wp-content\/uploads\/2016\/09\/20160816_093306-300x169.jpg\" class=\"attachment-medium size-medium colorbox-238 \" alt=\"\" loading=\"lazy\" srcset=\"https:\/\/web.trigon-projekt.cz\/wp-content\/uploads\/2016\/09\/20160816_093306-300x169.jpg 300w, https:\/\/web.trigon-projekt.cz\/wp-content\/uploads\/2016\/09\/20160816_093306-768x432.jpg 768w, https:\/\/web.trigon-projekt.cz\/wp-content\/uploads\/2016\/09\/20160816_093306-1024x576.jpg 1024w, https:\/\/web.trigon-projekt.cz\/wp-content\/uploads\/2016\/09\/20160816_093306-650x366.jpg 650w\" sizes=\"(max-width: 300px) 100vw, 300px\" \/><\/a>\n\t\t\t<\/div><\/figure>\n\t\t<\/div>\n\n","protected":false},"excerpt":{"rendered":"<p>Venkovn\u00ed \u00fapravy Schodi\u0161t\u011b Z\u00eddky<\/p>\n","protected":false},"author":1,"featured_media":0,"parent":0,"menu_order":0,"comment_status":"closed","ping_status":"closed","template":"","meta":[],"_links":{"self":[{"href":"https:\/\/web.trigon-projekt.cz\/index.php?rest_route=\/wp\/v2\/pages\/238"}],"collection":[{"href":"https:\/\/web.trigon-projekt.cz\/index.php?rest_route=\/wp\/v2\/pages"}],"about":[{"href":"https:\/\/web.trigon-projekt.cz\/index.php?rest_route=\/wp\/v2\/types\/page"}],"author":[{"embeddable":true,"href":"https:\/\/web.trigon-projekt.cz\/index.php?rest_route=\/wp\/v2\/users\/1"}],"replies":[{"embeddable":true,"href":"https:\/\/web.trigon-projekt.cz\/index.php?rest_route=%2Fwp%2Fv2%2Fcomments&post=238"}],"version-history":[{"count":3,"href":"https:\/\/web.trigon-projekt.cz\/index.php?rest_route=\/wp\/v2\/pages\/238\/revisions"}],"predecessor-version":[{"id":270,"href":"https:\/\/web.trigon-projekt.cz\/index.php?rest_route=\/wp\/v2\/pages\/238\/revisions\/270"}],"wp:attachment":[{"href":"https:\/\/web.trigon-projekt.cz\/index.php?rest_route=%2Fwp%2Fv2%2Fmedia&parent=238"}],"curies":[{"name":"wp","href":"https:\/\/api.w.org\/{rel}","templated":true}]}}