{"id":110,"date":"2016-08-11T13:44:57","date_gmt":"2016-08-11T13:44:57","guid":{"rendered":"http:\/\/web.trigon-projekt.cz\/?page_id=110"},"modified":"2016-09-14T13:42:38","modified_gmt":"2016-09-14T13:42:38","slug":"zamereni-skutecneho-stavu-pasport","status":"publish","type":"page","link":"https:\/\/web.trigon-projekt.cz\/?page_id=110","title":{"rendered":"Pasport staveb:"},"content":{"rendered":"<h2>Zam\u011b\u0159en\u00ed skute\u010dn\u00e9ho stavu, pasport:<\/h2>\n<p>Prov\u00e1d\u00edme zam\u011b\u0159en\u00ed st\u00e1vaj\u00edc\u00edch stav\u016f v\u010detn\u011b v\u00fd\u0161kov\u00e9ho zam\u011b\u0159en\u00ed, pasport staveb a objekt\u016f, projedn\u00e1n\u00ed se stavebn\u00edm \u00fa\u0159adem a porad\u00edme p\u0159i z\u00e1pisu do katastru nemovitost\u00ed. Zajist\u00edme geodetick\u00e9 zam\u011b\u0159en\u00ed stavby i pozemku.<\/p>\n<p><a href=\"http:\/\/www.trigon-projekt.cz\/wp-content\/uploads\/2016\/08\/pohledy.jpg\"><img loading=\"lazy\" class=\"aligncenter size-full wp-image-299 colorbox-110\" src=\"http:\/\/www.trigon-projekt.cz\/wp-content\/uploads\/2016\/08\/pohledy.jpg\" alt=\"pohledy\" width=\"1264\" height=\"534\" srcset=\"https:\/\/web.trigon-projekt.cz\/wp-content\/uploads\/2016\/08\/pohledy.jpg 1264w, https:\/\/web.trigon-projekt.cz\/wp-content\/uploads\/2016\/08\/pohledy-300x127.jpg 300w, https:\/\/web.trigon-projekt.cz\/wp-content\/uploads\/2016\/08\/pohledy-768x324.jpg 768w, https:\/\/web.trigon-projekt.cz\/wp-content\/uploads\/2016\/08\/pohledy-1024x433.jpg 1024w, https:\/\/web.trigon-projekt.cz\/wp-content\/uploads\/2016\/08\/pohledy-650x275.jpg 650w\" sizes=\"(max-width: 1264px) 100vw, 1264px\" \/><\/a><\/p>\n<div><\/div>\n<div><\/div>\n","protected":false},"excerpt":{"rendered":"<p>Zam\u011b\u0159en\u00ed skute\u010dn\u00e9ho stavu, pasport: Prov\u00e1d\u00edme zam\u011b\u0159en\u00ed st\u00e1vaj\u00edc\u00edch stav\u016f v\u010detn\u011b v\u00fd\u0161kov\u00e9ho zam\u011b\u0159en\u00ed, pasport staveb a objekt\u016f, projedn\u00e1n\u00ed se stavebn\u00edm \u00fa\u0159adem a porad\u00edme p\u0159i z\u00e1pisu do katastru nemovitost\u00ed. Zajist\u00edme geodetick\u00e9 zam\u011b\u0159en\u00ed stavby i pozemku.<\/p>\n","protected":false},"author":1,"featured_media":0,"parent":0,"menu_order":0,"comment_status":"closed","ping_status":"closed","template":"","meta":[],"_links":{"self":[{"href":"https:\/\/web.trigon-projekt.cz\/index.php?rest_route=\/wp\/v2\/pages\/110"}],"collection":[{"href":"https:\/\/web.trigon-projekt.cz\/index.php?rest_route=\/wp\/v2\/pages"}],"about":[{"href":"https:\/\/web.trigon-projekt.cz\/index.php?rest_route=\/wp\/v2\/types\/page"}],"author":[{"embeddable":true,"href":"https:\/\/web.trigon-projekt.cz\/index.php?rest_route=\/wp\/v2\/users\/1"}],"replies":[{"embeddable":true,"href":"https:\/\/web.trigon-projekt.cz\/index.php?rest_route=%2Fwp%2Fv2%2Fcomments&post=110"}],"version-history":[{"count":5,"href":"https:\/\/web.trigon-projekt.cz\/index.php?rest_route=\/wp\/v2\/pages\/110\/revisions"}],"predecessor-version":[{"id":301,"href":"https:\/\/web.trigon-projekt.cz\/index.php?rest_route=\/wp\/v2\/pages\/110\/revisions\/301"}],"wp:attachment":[{"href":"https:\/\/web.trigon-projekt.cz\/index.php?rest_route=%2Fwp%2Fv2%2Fmedia&parent=110"}],"curies":[{"name":"wp","href":"https:\/\/api.w.org\/{rel}","templated":true}]}}