{"id":108,"date":"2016-08-11T13:44:38","date_gmt":"2016-08-11T13:44:38","guid":{"rendered":"http:\/\/web.trigon-projekt.cz\/?page_id=108"},"modified":"2016-09-14T13:39:44","modified_gmt":"2016-09-14T13:39:44","slug":"poradenska-cinnost","status":"publish","type":"page","link":"https:\/\/web.trigon-projekt.cz\/?page_id=108","title":{"rendered":"Poradensk\u00e1 \u010dinnost:"},"content":{"rendered":"<h2>Poradensk\u00e1 \u010dinnost:<\/h2>\n<p><a href=\"http:\/\/www.trigon-projekt.cz\/wp-content\/uploads\/2016\/08\/steny2.jpg\"><img loading=\"lazy\" class=\"alignnone wp-image-293 size-full colorbox-108\" src=\"http:\/\/www.trigon-projekt.cz\/wp-content\/uploads\/2016\/08\/steny2.jpg\" alt=\"steny2\" width=\"374\" height=\"312\" srcset=\"https:\/\/web.trigon-projekt.cz\/wp-content\/uploads\/2016\/08\/steny2.jpg 374w, https:\/\/web.trigon-projekt.cz\/wp-content\/uploads\/2016\/08\/steny2-300x250.jpg 300w\" sizes=\"(max-width: 374px) 100vw, 374px\" \/><\/a><\/p>\n<p>Klient\u016fm porad\u00edme:<a href=\"http:\/\/www.trigon-projekt.cz\/wp-content\/uploads\/2016\/08\/stena.png\"><img loading=\"lazy\" class=\"alignright wp-image-292 size-thumbnail colorbox-108\" src=\"http:\/\/www.trigon-projekt.cz\/wp-content\/uploads\/2016\/08\/stena-150x150.png\" alt=\"stena\" width=\"150\" height=\"150\" srcset=\"https:\/\/web.trigon-projekt.cz\/wp-content\/uploads\/2016\/08\/stena-150x150.png 150w, https:\/\/web.trigon-projekt.cz\/wp-content\/uploads\/2016\/08\/stena-300x297.png 300w, https:\/\/web.trigon-projekt.cz\/wp-content\/uploads\/2016\/08\/stena.png 336w\" sizes=\"(max-width: 150px) 100vw, 150px\" \/><\/a><\/p>\n<ul>\n<li>p\u0159i v\u00fdb\u011bru pozemku<\/li>\n<li>p\u0159i zji\u0161t\u011bn\u00ed existence in\u017een\u00fdrsk\u00fdch s\u00edt\u00ed<\/li>\n<li>s\u00a0po\u017eadavky \u00fazemn\u00edho pl\u00e1nu<\/li>\n<li>s\u00a0v\u00fdb\u011brem nejvhodn\u011bj\u0161\u00edch stavebn\u00edch materi\u00e1l\u016f, v\u00fdrobk\u016f, konstrukc\u00ed a technick\u00e9ho vybaven\u00ed<\/li>\n<li>s\u00a0\u00fazemn\u00edm a stavebn\u00edm \u0159\u00edzen\u00edm<\/li>\n<li>s\u00a0jedn\u00e1n\u00edm s\u00a0dot\u010den\u00fdmi org\u00e1ny st\u00e1tn\u00ed spr\u00e1vy a spr\u00e1vci s\u00edt\u00ed<\/li>\n<li>s\u00a0uzav\u0159en\u00edm smluv pro vyd\u00e1n\u00ed \u00fazemn\u00edho rozhodnut\u00ed a stavebn\u00edho povolen\u00ed<\/li>\n<\/ul>\n<p><a href=\"http:\/\/www.trigon-projekt.cz\/wp-content\/uploads\/2016\/08\/dvere.jpg\"><img loading=\"lazy\" class=\"aligncenter size-full wp-image-294 colorbox-108\" src=\"http:\/\/www.trigon-projekt.cz\/wp-content\/uploads\/2016\/08\/dvere.jpg\" alt=\"dvere\" width=\"430\" height=\"372\" srcset=\"https:\/\/web.trigon-projekt.cz\/wp-content\/uploads\/2016\/08\/dvere.jpg 430w, https:\/\/web.trigon-projekt.cz\/wp-content\/uploads\/2016\/08\/dvere-300x260.jpg 300w\" sizes=\"(max-width: 430px) 100vw, 430px\" \/><\/a><\/p>\n","protected":false},"excerpt":{"rendered":"<p>Poradensk\u00e1 \u010dinnost: Klient\u016fm porad\u00edme: p\u0159i v\u00fdb\u011bru pozemku p\u0159i zji\u0161t\u011bn\u00ed existence in\u017een\u00fdrsk\u00fdch s\u00edt\u00ed s\u00a0po\u017eadavky \u00fazemn\u00edho pl\u00e1nu s\u00a0v\u00fdb\u011brem nejvhodn\u011bj\u0161\u00edch stavebn\u00edch materi\u00e1l\u016f, v\u00fdrobk\u016f, konstrukc\u00ed a technick\u00e9ho vybaven\u00ed s\u00a0\u00fazemn\u00edm a stavebn\u00edm \u0159\u00edzen\u00edm s\u00a0jedn\u00e1n\u00edm s\u00a0dot\u010den\u00fdmi org\u00e1ny st\u00e1tn\u00ed spr\u00e1vy a spr\u00e1vci s\u00edt\u00ed s\u00a0uzav\u0159en\u00edm smluv pro vyd\u00e1n\u00ed \u00fazemn\u00edho rozhodnut\u00ed a stavebn\u00edho povolen\u00ed<\/p>\n","protected":false},"author":1,"featured_media":0,"parent":0,"menu_order":0,"comment_status":"closed","ping_status":"closed","template":"","meta":[],"_links":{"self":[{"href":"https:\/\/web.trigon-projekt.cz\/index.php?rest_route=\/wp\/v2\/pages\/108"}],"collection":[{"href":"https:\/\/web.trigon-projekt.cz\/index.php?rest_route=\/wp\/v2\/pages"}],"about":[{"href":"https:\/\/web.trigon-projekt.cz\/index.php?rest_route=\/wp\/v2\/types\/page"}],"author":[{"embeddable":true,"href":"https:\/\/web.trigon-projekt.cz\/index.php?rest_route=\/wp\/v2\/users\/1"}],"replies":[{"embeddable":true,"href":"https:\/\/web.trigon-projekt.cz\/index.php?rest_route=%2Fwp%2Fv2%2Fcomments&post=108"}],"version-history":[{"count":6,"href":"https:\/\/web.trigon-projekt.cz\/index.php?rest_route=\/wp\/v2\/pages\/108\/revisions"}],"predecessor-version":[{"id":297,"href":"https:\/\/web.trigon-projekt.cz\/index.php?rest_route=\/wp\/v2\/pages\/108\/revisions\/297"}],"wp:attachment":[{"href":"https:\/\/web.trigon-projekt.cz\/index.php?rest_route=%2Fwp%2Fv2%2Fmedia&parent=108"}],"curies":[{"name":"wp","href":"https:\/\/api.w.org\/{rel}","templated":true}]}}