{"id":106,"date":"2016-08-11T13:43:57","date_gmt":"2016-08-11T13:43:57","guid":{"rendered":"http:\/\/web.trigon-projekt.cz\/?page_id=106"},"modified":"2016-09-14T13:31:58","modified_gmt":"2016-09-14T13:31:58","slug":"vyberova-rizeni","status":"publish","type":"page","link":"https:\/\/web.trigon-projekt.cz\/?page_id=106","title":{"rendered":"V\u00fdb\u011brov\u00e1 \u0159\u00edzen\u00ed:"},"content":{"rendered":"<h2>V\u00fdb\u011brov\u00e1 \u0159\u00edzen\u00ed:<\/h2>\n<p>Na po\u017eadavek investora zpracujeme Zad\u00e1vac\u00ed dokumentaci dle p\u0159\u00edslu\u0161n\u00fdch z\u00e1kon\u016f, vyhl\u00e1\u0161ek a p\u0159edpis\u016f (vyhl. 230\/2012 Sb.) v\u010detn\u011b polo\u017ekov\u00fdch rozpo\u010dt\u016f a v\u00fdkaz\u016f v\u00fdm\u011br.<\/p>\n<p>P\u0159i vyhodnocen\u00ed zad\u00e1vac\u00edho \u0159\u00edzen\u00ed spolupracujeme s\u00a0investorem po form\u00e1ln\u00ed i technick\u00e9 str\u00e1nce.<\/p>\n<p><center><a href=\"http:\/\/www.trigon-projekt.cz\/wp-content\/uploads\/2016\/08\/rozpocet1.jpg\"><img loading=\"lazy\" class=\"wp-image-288 size-medium aligncenter colorbox-106\" src=\"http:\/\/www.trigon-projekt.cz\/wp-content\/uploads\/2016\/08\/rozpocet1-300x243.jpg\" alt=\"rozpocet1\" width=\"300\" height=\"243\" srcset=\"https:\/\/web.trigon-projekt.cz\/wp-content\/uploads\/2016\/08\/rozpocet1-300x243.jpg 300w, https:\/\/web.trigon-projekt.cz\/wp-content\/uploads\/2016\/08\/rozpocet1-768x622.jpg 768w, https:\/\/web.trigon-projekt.cz\/wp-content\/uploads\/2016\/08\/rozpocet1-650x526.jpg 650w, https:\/\/web.trigon-projekt.cz\/wp-content\/uploads\/2016\/08\/rozpocet1.jpg 930w\" sizes=\"(max-width: 300px) 100vw, 300px\" \/><\/a><\/p>\n<p><a href=\"http:\/\/www.trigon-projekt.cz\/wp-content\/uploads\/2016\/08\/rozpocet2.jpg\"><img loading=\"lazy\" class=\"wp-image-287 size-medium aligncenter colorbox-106\" src=\"http:\/\/www.trigon-projekt.cz\/wp-content\/uploads\/2016\/08\/rozpocet2-300x248.jpg\" alt=\"rozpocet2\" width=\"300\" height=\"248\" srcset=\"https:\/\/web.trigon-projekt.cz\/wp-content\/uploads\/2016\/08\/rozpocet2-300x248.jpg 300w, https:\/\/web.trigon-projekt.cz\/wp-content\/uploads\/2016\/08\/rozpocet2-768x634.jpg 768w, https:\/\/web.trigon-projekt.cz\/wp-content\/uploads\/2016\/08\/rozpocet2-650x536.jpg 650w, https:\/\/web.trigon-projekt.cz\/wp-content\/uploads\/2016\/08\/rozpocet2.jpg 927w\" sizes=\"(max-width: 300px) 100vw, 300px\" \/><\/a><\/center><\/p>\n","protected":false},"excerpt":{"rendered":"<p>V\u00fdb\u011brov\u00e1 \u0159\u00edzen\u00ed: Na po\u017eadavek investora zpracujeme Zad\u00e1vac\u00ed dokumentaci dle p\u0159\u00edslu\u0161n\u00fdch z\u00e1kon\u016f, vyhl\u00e1\u0161ek a p\u0159edpis\u016f (vyhl. 230\/2012 Sb.) v\u010detn\u011b polo\u017ekov\u00fdch rozpo\u010dt\u016f a v\u00fdkaz\u016f v\u00fdm\u011br. P\u0159i vyhodnocen\u00ed zad\u00e1vac\u00edho \u0159\u00edzen\u00ed spolupracujeme s\u00a0investorem po form\u00e1ln\u00ed i technick\u00e9 str\u00e1nce.<\/p>\n","protected":false},"author":1,"featured_media":0,"parent":0,"menu_order":0,"comment_status":"closed","ping_status":"closed","template":"","meta":[],"_links":{"self":[{"href":"https:\/\/web.trigon-projekt.cz\/index.php?rest_route=\/wp\/v2\/pages\/106"}],"collection":[{"href":"https:\/\/web.trigon-projekt.cz\/index.php?rest_route=\/wp\/v2\/pages"}],"about":[{"href":"https:\/\/web.trigon-projekt.cz\/index.php?rest_route=\/wp\/v2\/types\/page"}],"author":[{"embeddable":true,"href":"https:\/\/web.trigon-projekt.cz\/index.php?rest_route=\/wp\/v2\/users\/1"}],"replies":[{"embeddable":true,"href":"https:\/\/web.trigon-projekt.cz\/index.php?rest_route=%2Fwp%2Fv2%2Fcomments&post=106"}],"version-history":[{"count":6,"href":"https:\/\/web.trigon-projekt.cz\/index.php?rest_route=\/wp\/v2\/pages\/106\/revisions"}],"predecessor-version":[{"id":291,"href":"https:\/\/web.trigon-projekt.cz\/index.php?rest_route=\/wp\/v2\/pages\/106\/revisions\/291"}],"wp:attachment":[{"href":"https:\/\/web.trigon-projekt.cz\/index.php?rest_route=%2Fwp%2Fv2%2Fmedia&parent=106"}],"curies":[{"name":"wp","href":"https:\/\/api.w.org\/{rel}","templated":true}]}}