{"id":102,"date":"2016-08-11T13:43:04","date_gmt":"2016-08-11T13:43:04","guid":{"rendered":"http:\/\/web.trigon-projekt.cz\/?page_id=102"},"modified":"2016-09-14T14:07:01","modified_gmt":"2016-09-14T14:07:01","slug":"projektovani-staveb","status":"publish","type":"page","link":"https:\/\/web.trigon-projekt.cz\/?page_id=102","title":{"rendered":"Projektov\u00e1n\u00ed staveb:"},"content":{"rendered":"<h2>Projektov\u00e1n\u00ed staveb:<\/h2>\n<p>Na\u0161e projek\u010dn\u00ed kancel\u00e1\u0159 se zab\u00fdv\u00e1 projektov\u00e1n\u00edm tak\u0159ka ve\u0161ker\u00fdch pozemn\u00edch staveb, zejm\u00e9na:<a href=\"http:\/\/www.trigon-projekt.cz\/wp-content\/uploads\/2016\/08\/krov.png\"><img loading=\"lazy\" class=\"size-medium wp-image-275 alignright colorbox-102\" src=\"http:\/\/www.trigon-projekt.cz\/wp-content\/uploads\/2016\/08\/krov-300x288.png\" alt=\"krov\" width=\"300\" height=\"288\" srcset=\"https:\/\/web.trigon-projekt.cz\/wp-content\/uploads\/2016\/08\/krov-300x288.png 300w, https:\/\/web.trigon-projekt.cz\/wp-content\/uploads\/2016\/08\/krov.png 568w\" sizes=\"(max-width: 300px) 100vw, 300px\" \/><\/a><\/p>\n<ul style=\"list-style-type: circle;\">\n<li>Stavby bytov\u00e9 \u2013 bytov\u00e9 domy, rodinn\u00e9 domy, ubytovny \u2026<\/li>\n<li>Ob\u010dansk\u00e9 stavby :\n<ul style=\"list-style-type: disc;\">\n<li>Stavby pro v\u00fdchovu a vzd\u011bl\u00e1n\u00ed &#8211; \u0161koly, \u0161kolky, j\u00eddelny<\/li>\n<li>Stavby cestovn\u00edho ruchu a ve\u0159ejn\u00e9ho stravov\u00e1n\u00ed \u00a0&#8211; penziony, hotely, ubytovny, restaurace<\/li>\n<li>Stavby pro obchod a slu\u017eby \u2013 obchody, provozovny, prodejny,<\/li>\n<li>Sportovn\u00ed a t\u011blov\u00fdchovn\u00e9 stavby \u2013 t\u011blocvi\u010dny, herny, sportovi\u0161t\u011b<\/li>\n<li>Administrativn\u00ed stavby &#8211; pro st\u00e1tn\u00ed spr\u00e1vu, v\u00fdrobn\u00ed i nev\u00fdrobn\u00ed spole\u010dnosti<\/li>\n<li>Zdravotnick\u00e9 stavby \u2013 l\u00e9k\u00e1rny, ordinace,<\/li>\n<li>Stavby s kulturn\u00edm vyu\u017eit\u00edm \u2013 s\u00e1ly, spole\u010densk\u00e1 centra<\/li>\n<\/ul>\n<\/li>\n<\/ul>\n<ul style=\"list-style-type: circle;\">\n<li>Potravin\u00e1\u0159sk\u00e9 stavby \u2013 v\u00fdrobny masa, uzenin, s\u00fdr\u016f \u2026<\/li>\n<li>Pr\u016fmyslov\u00e9 stavby \u2013 haly, v\u00fdrobny, provozy<\/li>\n<li>Zem\u011bd\u011blsk\u00e9 stavby<\/li>\n<\/ul>\n<p>Projektujeme jak novostavby, tak i n\u00e1stavby, p\u0159\u00edstavby, p\u016fdn\u00ed vestavby, rekonstrukce, demolice.<\/p>\n<p>Projektovou dokumentaci zpracujeme kompletn\u011b \u201ena kl\u00ed\u010d\u201c v\u010detn\u011b v\u0161ech profes\u00ed, rozpo\u010dt\u016f, po\u017e\u00e1rn\u011b bezpe\u010dnostn\u00edho \u0159e\u0161en\u00ed, Pr\u016fkazu energetick\u00e9 n\u00e1ro\u010dnosti. D\u00e1le zajist\u00edme v\u0161echny pot\u0159ebn\u00e9 pr\u016fzkumy \u2013 stavebn\u00ed, radonov\u00fd, hydrogeologick\u00fd, pedologick\u00fd a speci\u00e1ln\u00ed studie \u010di posudky \u2013 hlukov\u00e1 studie, posouzen\u00ed proslun\u011bn\u00ed \u010di p\u0159irozen\u00e9ho osv\u011btlen\u00ed apod.<\/p>\n<p>&nbsp;<\/p>\n<p><a href=\"http:\/\/www.trigon-projekt.cz\/wp-content\/uploads\/2016\/08\/pohledbily.png\"><img loading=\"lazy\" class=\"aligncenter wp-image-272 size-full colorbox-102\" src=\"http:\/\/www.trigon-projekt.cz\/wp-content\/uploads\/2016\/08\/pohledbily.png\" alt=\"pohledbily\" width=\"967\" height=\"254\" srcset=\"https:\/\/web.trigon-projekt.cz\/wp-content\/uploads\/2016\/08\/pohledbily.png 967w, https:\/\/web.trigon-projekt.cz\/wp-content\/uploads\/2016\/08\/pohledbily-300x79.png 300w, https:\/\/web.trigon-projekt.cz\/wp-content\/uploads\/2016\/08\/pohledbily-768x202.png 768w, https:\/\/web.trigon-projekt.cz\/wp-content\/uploads\/2016\/08\/pohledbily-650x171.png 650w\" sizes=\"(max-width: 967px) 100vw, 967px\" \/><\/a><\/p>\n<p>&nbsp;<\/p>\n<p><a href=\"http:\/\/www.trigon-projekt.cz\/wp-content\/uploads\/2016\/08\/rez2-e1473861914175.jpg\"><img loading=\"lazy\" class=\"aligncenter wp-image-309 colorbox-102\" src=\"http:\/\/www.trigon-projekt.cz\/wp-content\/uploads\/2016\/08\/rez2-e1473861987749.jpg\" width=\"950\" height=\"295\" \/><\/a><\/p>\n<div><\/div>\n","protected":false},"excerpt":{"rendered":"<p>Projektov\u00e1n\u00ed staveb: Na\u0161e projek\u010dn\u00ed kancel\u00e1\u0159 se zab\u00fdv\u00e1 projektov\u00e1n\u00edm tak\u0159ka ve\u0161ker\u00fdch pozemn\u00edch staveb, zejm\u00e9na: Stavby bytov\u00e9 \u2013 bytov\u00e9 domy, rodinn\u00e9 domy, ubytovny \u2026 Ob\u010dansk\u00e9 stavby : Stavby pro v\u00fdchovu a vzd\u011bl\u00e1n\u00ed &#8211; \u0161koly, \u0161kolky, j\u00eddelny Stavby cestovn\u00edho ruchu a ve\u0159ejn\u00e9ho stravov\u00e1n\u00ed \u00a0&#8211; penziony, hotely, ubytovny, restaurace Stavby pro obchod a slu\u017eby \u2013 obchody, provozovny, prodejny, Sportovn\u00ed [&hellip;]<\/p>\n","protected":false},"author":1,"featured_media":0,"parent":0,"menu_order":0,"comment_status":"closed","ping_status":"closed","template":"","meta":[],"_links":{"self":[{"href":"https:\/\/web.trigon-projekt.cz\/index.php?rest_route=\/wp\/v2\/pages\/102"}],"collection":[{"href":"https:\/\/web.trigon-projekt.cz\/index.php?rest_route=\/wp\/v2\/pages"}],"about":[{"href":"https:\/\/web.trigon-projekt.cz\/index.php?rest_route=\/wp\/v2\/types\/page"}],"author":[{"embeddable":true,"href":"https:\/\/web.trigon-projekt.cz\/index.php?rest_route=\/wp\/v2\/users\/1"}],"replies":[{"embeddable":true,"href":"https:\/\/web.trigon-projekt.cz\/index.php?rest_route=%2Fwp%2Fv2%2Fcomments&post=102"}],"version-history":[{"count":9,"href":"https:\/\/web.trigon-projekt.cz\/index.php?rest_route=\/wp\/v2\/pages\/102\/revisions"}],"predecessor-version":[{"id":310,"href":"https:\/\/web.trigon-projekt.cz\/index.php?rest_route=\/wp\/v2\/pages\/102\/revisions\/310"}],"wp:attachment":[{"href":"https:\/\/web.trigon-projekt.cz\/index.php?rest_route=%2Fwp%2Fv2%2Fmedia&parent=102"}],"curies":[{"name":"wp","href":"https:\/\/api.w.org\/{rel}","templated":true}]}}